{"id":1383,"date":"2023-05-24T08:32:26","date_gmt":"2023-05-24T12:32:26","guid":{"rendered":"https:\/\/xpayrience.com\/?page_id=1383"},"modified":"2026-02-10T13:10:09","modified_gmt":"2026-02-10T18:10:09","slug":"newsletter-signup-xpayrience","status":"publish","type":"page","link":"https:\/\/xpayrience.com\/en\/newsletter-signup-xpayrience\/","title":{"rendered":"xPayrience Newsletter"},"content":{"rendered":"<div class=\"fusion-fullwidth fullwidth-box fusion-builder-row-1 fusion-flex-container has-pattern-background has-mask-background nonhundred-percent-fullwidth non-hundred-percent-height-scrolling\" style=\"--awb-border-radius-top-left:0px;--awb-border-radius-top-right:0px;--awb-border-radius-bottom-right:0px;--awb-border-radius-bottom-left:0px;--awb-flex-wrap:wrap;\" ><div class=\"fusion-builder-row fusion-row fusion-flex-align-items-flex-start fusion-flex-content-wrap\" style=\"max-width:1696px;margin-left: calc(-6% \/ 2 );margin-right: calc(-6% \/ 2 );\"><div class=\"fusion-layout-column fusion_builder_column fusion-builder-column-0 fusion_builder_column_1_1 1_1 fusion-flex-column max-width fusion-animated\" style=\"--awb-bg-size:cover;--awb-width-large:100%;--awb-margin-top-large:0px;--awb-spacing-right-large:2.82%;--awb-margin-bottom-large:0px;--awb-spacing-left-large:2.82%;--awb-width-medium:100%;--awb-order-medium:0;--awb-spacing-right-medium:2.82%;--awb-spacing-left-medium:2.82%;--awb-width-small:100%;--awb-order-small:0;--awb-spacing-right-small:2.82%;--awb-spacing-left-small:2.82%;\" data-animationType=\"fadeInRight\" data-animationDuration=\"0.5\" data-animationOffset=\"top-into-view\"><div class=\"fusion-column-wrapper fusion-column-has-shadow fusion-flex-justify-content-flex-start fusion-content-layout-column\"><div class=\"fusion-title title fusion-title-1 fusion-sep-none fusion-title-center fusion-title-text fusion-title-size-two\" style=\"--awb-margin-top:0px;\"><h2 class=\"fusion-title-heading title-heading-center\" style=\"margin:0;\">Sign up now<\/h2><\/div><div class=\"fusion-text fusion-text-1 font_25\" style=\"--awb-content-alignment:center;\"><p>Stay up to date with new partners, the latest news, and much more with the xPayrience newsletter!<\/p>\n<\/div><\/div><\/div><div class=\"fusion-layout-column fusion_builder_column fusion-builder-column-1 fusion_builder_column_1_1 1_1 fusion-flex-column fusion-flex-align-self-stretch fusion-animated\" style=\"--awb-padding-right:10%;--awb-padding-left:10%;--awb-bg-size:cover;--awb-width-large:100%;--awb-margin-top-large:0px;--awb-spacing-right-large:2.82%;--awb-margin-bottom-large:80px;--awb-spacing-left-large:2.82%;--awb-width-medium:100%;--awb-order-medium:0;--awb-spacing-right-medium:2.82%;--awb-spacing-left-medium:2.82%;--awb-width-small:100%;--awb-order-small:0;--awb-spacing-right-small:2.82%;--awb-spacing-left-small:2.82%;\" data-animationType=\"fadeInUp\" data-animationDuration=\"1.5\" data-animationOffset=\"top-into-view\" data-scroll-devices=\"small-visibility,medium-visibility,large-visibility\"><div class=\"fusion-column-wrapper fusion-column-has-shadow fusion-flex-justify-content-center fusion-content-layout-column\"><meta content=\"width=device-width,initial-scale=1.0, maximum-scale=1.0, user-scalable=0\" name=\"viewport\"><script type=\"text\/javascript\" src=\"https:\/\/dmkhk-zgph.maillist-manage.net\/js\/optin.min.js\" onload=\"setupSF('sf3z5d5ddd5af82d5a6a498cab57547ae4f32c4b6d5e3042f7bdf3091b66d386cb77','ZCFORMVIEW',false,'light',false,'0')\"><\/script><script type=\"text\/javascript\">function runOnFormSubmit_sf3z5d5ddd5af82d5a6a498cab57547ae4f32c4b6d5e3042f7bdf3091b66d386cb77(th){\/*Before submit, if you want to trigger your event, \"include your code here\"*\/};<\/script><style>#customForm p{display:inline;}#sf3z5d5ddd5af82d5a6a498cab57547ae4f32c4b6d5e3042f7bdf3091b66d386cb77 #customForm *:not(.dateClass){-webkit-box-sizing: border-box !important;-moz-box-sizing: border-box !important;box-sizing: border-box !important;word-break:break-word;overflow-wrap: break-word;}#sf3z5d5ddd5af82d5a6a498cab57547ae4f32c4b6d5e3042f7bdf3091b66d386cb77 .dateClass{-webkit-box-sizing: unset!important;-moz-box-sizing: unset !important;box-sizing: unset !important;word-break:break-word;overflow-wrap: break-word;}\/*** RESPONSIVE START *\/@media only screen and (max-width: 200px){#sf3z5d5ddd5af82d5a6a498cab57547ae4f32c4b6d5e3042f7bdf3091b66d386cb77 #signupMainDiv{width:220px !important;min-width:220px !important;margin: 0px auto !important;}#sf3z5d5ddd5af82d5a6a498cab57547ae4f32c4b6d5e3042f7bdf3091b66d386cb77 #SIGNUP_PAGE{padding:0px !important}#sf3z5d5ddd5af82d5a6a498cab57547ae4f32c4b6d5e3042f7bdf3091b66d386cb77 .recaptcha{transform:scale(0.55);-webkit-transform:scale(0.45);transform-origin:0 0;-webkit-transform-origin:0 0;}}@media only screen and (min-width: 440px) and (max-width:600px){#sf3z5d5ddd5af82d5a6a498cab57547ae4f32c4b6d5e3042f7bdf3091b66d386cb77 #signupMainDiv{width:440px !important;min-width:440px !important;margin: 0px auto !important;}#sf3z5d5ddd5af82d5a6a498cab57547ae4f32c4b6d5e3042f7bdf3091b66d386cb77 .recaptcha{transform:scale(0.72);-webkit-transform:scale(0.55);transform-origin:0 0;-webkit-transform-origin:0 0;}}@media only screen and (min-width: 320px) and (max-width:440px){#sf3z5d5ddd5af82d5a6a498cab57547ae4f32c4b6d5e3042f7bdf3091b66d386cb77 #signupMainDiv{width:320px !important;min-width:320px !important;margin: 0px auto !important;}#sf3z5d5ddd5af82d5a6a498cab57547ae4f32c4b6d5e3042f7bdf3091b66d386cb77 .recaptcha{transform:scale(0.72);-webkit-transform:scale(0.55);transform-origin:0 0;-webkit-transform-origin:0 0;}}\/* Desktops and laptops ----------- *\/@media only screen  and (min-width : 1224px) {#sf3z5d5ddd5af82d5a6a498cab57547ae4f32c4b6d5e3042f7bdf3091b66d386cb77 #signupMainDiv{width:600px !important;min-width:600px !important;margin: 0px auto !important;}#sf3z5d5ddd5af82d5a6a498cab57547ae4f32c4b6d5e3042f7bdf3091b66d386cb77 .recaptcha{transform:scale(1.03);-webkit-transform:scale(1.08);transform-origin:0 0;-webkit-transform-origin:0 0;}}\/* Large Screens *\/@media only screen  and (min-width : 1824px) {#sf3z5d5ddd5af82d5a6a498cab57547ae4f32c4b6d5e3042f7bdf3091b66d386cb77 #signupMainDiv{width:600px !important;min-width:600px !important;margin: 0px auto !important;}#sf3z5d5ddd5af82d5a6a498cab57547ae4f32c4b6d5e3042f7bdf3091b66d386cb77 .recaptcha{transform:scale(1.03);-webkit-transform:scale(1.08);transform-origin:0 0;-webkit-transform-origin:0 0;}}\/* iPads (portrait and landscape) ----------- *\/@media only screen and (min-device-width : 601px) and (max-device-width : 1024px) {#sf3z5d5ddd5af82d5a6a498cab57547ae4f32c4b6d5e3042f7bdf3091b66d386cb77 #signupMainDiv{width:600px !important;min-width:600px !important;margin: 0px auto !important;}#sf3z5d5ddd5af82d5a6a498cab57547ae4f32c4b6d5e3042f7bdf3091b66d386cb77 .recaptcha{transform:scale(0.90);-webkit-transform:scale(0.90);transform-origin:0 0;-webkit-transform-origin:0 0;}}\/*** RESPONSIVE END *\/#sf3z5d5ddd5af82d5a6a498cab57547ae4f32c4b6d5e3042f7bdf3091b66d386cb77 .bdr_btm_hover{background-color:#f9f9f9; padding:10px;}#sf3z5d5ddd5af82d5a6a498cab57547ae4f32c4b6d5e3042f7bdf3091b66d386cb77 .bdr_btm{padding:10px }#sf3z5d5ddd5af82d5a6a498cab57547ae4f32c4b6d5e3042f7bdf3091b66d386cb77 .f14{font-size:14px}.large_form_8_css input::placeholder{color: rgb(255,255,255);}.large_form_8_css input::-webkit-input-placeholder {color: rgb(255,255,255);}.large_form_8_css input:-moz-placeholder { \/* Firefox 18- *\/color:rgb(255,255,255);}.large_form_8_css input::-moz-placeholder { \/* Firefox 19+ *\/color: rgb(255,255,255);\u00c2 \u00c2 }.large_form_8_css input:-ms-input-placeholder {\u00c2 color: rgb(255,255,255);\u00c2 }<\/style><div id=\"sf3z5d5ddd5af82d5a6a498cab57547ae4f32c4b6d5e3042f7bdf3091b66d386cb77\" data-type=\"signupform\"><input type=\"hidden\" id=\"recapTheme\" value=\"0\"><input type=\"hidden\" id=\"isRecapIntegDone\" value=\"false\"><input type=\"hidden\" id=\"signupFormType\" value=\"LargeForm_Vertical\"><div id=\"customForm\"><div name=\"SIGNUP_PAGE\" class=\"large_form_8_css\" id=\"SIGNUP_PAGE\" style=\"background-color: rgb(0, 0, 0); color: rgb(255, 255, 255); padding: 0px; font-family: Verdana; text-align: center; min-width: 240px; font-size: 20px;\"><div name=\"\" changeid=\"\" changename=\"\" style=\"margin:0px auto\"><div id=\"imgBlock\" name=\"LOGO_DIV\" logo=\"true\" style=\"width: 600px; margin: 0px auto; padding-bottom: 10px; text-align: center; padding-right: 10px; padding-top: 10px;\"><\/div><\/div><br><div id=\"signupMainDiv\" style=\"margin: 0px auto; width: 100%; min-width: 230px; max-width: 600px;\" name=\"SIGNUPFORM\" changeid=\"SIGNUPFORM\" changename=\"SIGNUPFORM\"><div><div style=\"position:relative;\"><div id=\"Zc_SignupSuccess\" style=\"display:none;position:absolute;margin-left:4%;width:90%;background-color: white; padding: 3px; border: 3px solid rgb(194, 225, 154);  margin-top: 10px;margin-bottom:10px;word-break:break-all\"><table width=\"100%\" cellpadding=\"0\" cellspacing=\"0\" border=\"0\"><tbody><tr><td width=\"10%\"><img decoding=\"async\" class=\"successicon\" src=\"https:\/\/dmkhk-zgph.maillist-manage.net\/images\/challangeiconenable.jpg\" align=\"absmiddle\"><\/td><td><span id=\"signupSuccessMsg\" style=\"color: rgb(73, 140, 132); font-family: sans-serif; font-size: 14px;word-break:break-word\">\u00a0\u00a0Thank you for Signing Up<\/span><\/td><\/tr><\/tbody><\/table><\/div><\/div><form method=\"POST\" id=\"zcampaignOptinForm\" style=\"margin:0px;\" action=\"https:\/\/dmkhk-zgph.maillist-manage.net\/weboptin.zc\" target=\"_zcSignup\"><div id=\"SIGNUP_BODY_ALL\" name=\"SIGNUP_BODY_ALL\" style=\"margin: 0px auto; background-image: url(\"https:\/\/campaign-image.com\/zohocampaigns\/large_form_8.png\"); min-width: 230px; background-size: 100% 100%; background-position: 0% 44%; background-repeat: no-repeat; max-width: 600px;\"><div style=\"background-color: rgb(0, 0, 0); color: rgb(255, 255, 255); padding: 0px; font-family: Arial; text-align: center; bottom: 2px; font-size: 11px; opacity: 1;\" id=\"SIGNUP_BODY\" name=\"SIGNUP_BODY\">\n\n\n<div style=\"margin:0px auto;text-align:left;\"><div style=\"display:none;background-color:#000;padding:10px 10px; text-align:center; color:#f2644d; font-size:16px; margin:10px 0px;border:solid 1px #f2644d; margin-top:20px;\" id=\"errorMsgDiv\">\u00a0\u00a0Please correct the field(s) indicated below.<\/div><div><div style=\"font-size:12px; margin-top:10px;\" name=\"fieldsdivSf\" class=\"zcsffieldsdiv\"><div style=\"padding:10px 0px 10px 0px;\" class=\"zcsffield \" fieldid=\"860899000000000021\"><div style=\"\"><input style=\"width: 97%; color: rgb(255, 255, 255); background-color: rgb(0, 0, 0); border: 1px solid rgb(255, 255, 255); padding: 27px; font-family: \"Courier New\"; box-sizing: border-box; font-size: 20px; text-indent: 0px; height: 28px;\" maxlength=\"100\" placeholder=\"Email\" name=\"CONTACT_EMAIL\" changeitem=\"SIGNUP_FORM_FIELD\" type=\"email\">\u00a0<span name=\"SIGNUP_REQUIRED\" style=\"color: rgb(255, 255, 255); font-family: Arial; font-size: 11px;\">*<\/span><span style=\"display:none\" id=\"dt_CONTACT_EMAIL\">1,true,6,E-mail du contact,2<\/span><\/div><div style=\"clear:both\"><\/div><\/div><div style=\"padding:10px 0px 10px 0px;\" class=\"zcsffield \" fieldid=\"860899000000000023\"><div style=\"\"><input style=\"width: 97%; color: rgb(255, 255, 255); background-color: rgb(0, 0, 0); border: 1px solid rgb(255, 255, 255); padding: 27px; font-family: \"Courier New\"; box-sizing: border-box; font-size: 20px; text-indent: 0px; height: 28px;\" maxlength=\"100\" placeholder=\"First name\" name=\"FIRSTNAME\" changeitem=\"SIGNUP_FORM_FIELD\" type=\"text\">\u00a0<span name=\"SIGNUP_REQUIRED\" style=\"color: rgb(255, 255, 255); font-family: Arial; font-size: 11px;\">*<\/span><span style=\"display:none\" id=\"dt_FIRSTNAME\">1,true,1,Pr\u00e9nom,2<\/span><\/div><div style=\"clear:both\"><\/div><\/div><div style=\"padding:10px 0px 10px 0px;\" class=\"zcsffield \" fieldid=\"860899000000000025\"><div style=\"\"><input style=\"width: 97%; color: rgb(255, 255, 255); background-color: rgb(0, 0, 0); border: 1px solid rgb(255, 255, 255); padding: 27px; font-family: \"Courier New\"; box-sizing: border-box; font-size: 20px; text-indent: 0px; height: 28px;\" maxlength=\"100\" placeholder=\"Last name\" name=\"LASTNAME\" changeitem=\"SIGNUP_FORM_FIELD\" type=\"text\">\u00a0<span name=\"SIGNUP_REQUIRED\" style=\"color: rgb(255, 255, 255); font-family: Arial; font-size: 11px;\">*<\/span><span style=\"display:none\" id=\"dt_LASTNAME\">1,true,1,Nom,2<\/span><\/div><div style=\"clear:both\"><\/div><\/div><\/div>\n\n\n<div class =\"recapDivlight recaptcha\" id=\"recapDiv\" style=\"width: 302px; margin-top:30px;\"><\/div><input type=\"hidden\" id=\"secretid\" value=\"6LdNeDUUAAAAAG5l7cJfv1AA5OKLslkrOa_xXxLs\"><div id=\"REQUIRED_FIELD_TEXT\" changetype=\"REQUIRED_FIELD_TEXT\" name=\"SIGNUP_REQUIRED\" style=\"color: rgb(255, 255, 255); padding: 10px 10px 10px 0px; font-family: Arial; font-size: 11px;\">*Required fields<\/div><div style=\"text-align:center;\"><input type=\"button\" action=\"Save\" id=\"zcWebOptin\" name=\"SIGNUP_SUBMIT_BUTTON\" changetype=\"SIGNUP_SUBMIT_BUTTON_TEXT\" style=\"cursor: pointer; color: rgb(0, 0, 0); background-color: rgb(255, 255, 255); white-space: normal; padding: 14px; border-color: rgb(90, 90, 90); text-align: center; outline: none medium; appearance: none; font-family: Verdana; border-radius: 0px; border-width: 0px; width: 100%; font-size: 16px; background-position: center bottom; border-style: none; background-repeat: repeat-x; height: 55px; margin-top:30px; font-weight:bold;\" value=\"SUBSCRIBE\"><\/div><\/div><\/div><\/div><input type=\"hidden\" id=\"fieldBorder\" value=\"\"><input type=\"hidden\" name=\"zc_trackCode\" id=\"zc_trackCode\" value=\"ZCFORMVIEW\" onload=\"\"><input type=\"hidden\" name=\"viewFrom\" id=\"viewFrom\" value=\"URL_ACTION\"><input type=\"hidden\" id=\"submitType\" name=\"submitType\" value=\"optinCustomView\"><input type=\"hidden\" id=\"lD\" name=\"lD\" value=\"1bf287144a9e0a29\"><input type=\"hidden\" name=\"emailReportId\" id=\"emailReportId\" value=\"\"><input type=\"hidden\" name=\"zx\" id=\"cmpZuid\" value=\"12d59d834\"><input type=\"hidden\" name=\"zcvers\" value=\"3.0\"><input type=\"hidden\" name=\"oldListIds\" id=\"allCheckedListIds\" value=\"\"><input type=\"hidden\" id=\"mode\" name=\"mode\" value=\"OptinCreateView\"><input type=\"hidden\" id=\"zcld\" name=\"zcld\" value=\"1bf287144a9e0a29\"><input type=\"hidden\" id=\"zctd\" name=\"zctd\" value=\"\"><input type=\"hidden\" id=\"document_domain\" value=\"\"><input type=\"hidden\" id=\"zc_Url\" value=\"dmkhk-zgph.maillist-manage.net\"><input type=\"hidden\" id=\"new_optin_response_in\" value=\"0\"><input type=\"hidden\" id=\"duplicate_optin_response_in\" value=\"0\"><input type=\"hidden\" id=\"zc_formIx\" name=\"zc_formIx\" value=\"3z5d5ddd5af82d5a6a498cab57547ae4f32c4b6d5e3042f7bdf3091b66d386cb77\"><\/div><\/form><\/div><\/div><\/div><input type=\"hidden\" id=\"isCaptchaNeeded\" value=\"true\"><input type=\"hidden\" id=\"superAdminCap\" value=\"0\"><img decoding=\"async\" src=\"https:\/\/dmkhk-zgph.maillist-manage.net\/images\/spacer.gif\" onload=\"referenceSetter(this)\" id=\"refImage\" style=\"display:none;\"><\/div><\/div><div id=\"zcOptinOverLay\" oncontextmenu=\"return false\" style=\"display:none;text-align: center; background-color: rgb(0, 0, 0); opacity: 0.5; z-index: 100; position: fixed; width: 100%; top: 0px; left: 0px; height: 988px;\"><\/div><div id=\"zcOptinSuccessPopup\" style=\"display:none;z-index: 9999;width: 800px; height: 40%;top: 84px;position: fixed; left: 26%;background-color: #FFFFFF;border-color: #E6E6E6; border-style: solid; border-width: 1px;  box-shadow: 0 1px 10px #424242;padding: 35px;\"><span style=\"position: absolute;top: -16px;right:-14px;z-index:99999;cursor: pointer;\" id=\"closeSuccess\"><img decoding=\"async\" src=\"https:\/\/dmkhk-zgph.maillist-manage.net\/images\/videoclose.png\"><\/span><div id=\"zcOptinSuccessPanel\"><\/div><\/div><\/div><\/div><\/div><\/div>\n","protected":false},"excerpt":{"rendered":"","protected":false},"author":2,"featured_media":0,"parent":0,"menu_order":0,"comment_status":"closed","ping_status":"closed","template":"100-width.php","meta":{"_acf_changed":false,"footnotes":""},"class_list":["post-1383","page","type-page","status-publish","hentry"],"acf":[],"yoast_head":"<!-- This site is optimized with the Yoast SEO plugin v24.2 - https:\/\/yoast.com\/wordpress\/plugins\/seo\/ -->\n<title>xPayrience Newsletter - xPayrience<\/title>\n<meta name=\"description\" content=\"Subscribe to the xPayrience newsletter for updates, tips and news on ticketing solutions, platform features and industry insights.\" \/>\n<meta name=\"robots\" content=\"index, follow, max-snippet:-1, max-image-preview:large, max-video-preview:-1\" \/>\n<link rel=\"canonical\" href=\"https:\/\/xpayrience.com\/en\/newsletter-signup-xpayrience\/\" \/>\n<meta property=\"og:locale\" content=\"en_US\" \/>\n<meta property=\"og:type\" content=\"article\" \/>\n<meta property=\"og:title\" content=\"xPayrience Newsletter - xPayrience\" \/>\n<meta property=\"og:description\" content=\"Subscribe to the xPayrience newsletter for updates, tips and news on ticketing solutions, platform features and industry insights.\" \/>\n<meta property=\"og:url\" content=\"https:\/\/xpayrience.com\/en\/newsletter-signup-xpayrience\/\" \/>\n<meta property=\"og:site_name\" content=\"xPayrience\" \/>\n<meta property=\"article:modified_time\" content=\"2026-02-10T18:10:09+00:00\" \/>\n<meta property=\"og:image\" content=\"https:\/\/xpayrience.com\/wp-content\/uploads\/2024\/07\/facebook-xpayrience.png\" \/>\n\t<meta property=\"og:image:width\" content=\"1200\" \/>\n\t<meta property=\"og:image:height\" content=\"630\" \/>\n\t<meta property=\"og:image:type\" content=\"image\/png\" \/>\n<meta name=\"twitter:card\" content=\"summary_large_image\" \/>\n<meta name=\"twitter:label1\" content=\"Est. reading time\" \/>\n\t<meta name=\"twitter:data1\" content=\"1 minute\" \/>\n<script type=\"application\/ld+json\" class=\"yoast-schema-graph\">{\"@context\":\"https:\/\/schema.org\",\"@graph\":[{\"@type\":\"WebPage\",\"@id\":\"https:\/\/xpayrience.com\/en\/newsletter-signup-xpayrience\/\",\"url\":\"https:\/\/xpayrience.com\/en\/newsletter-signup-xpayrience\/\",\"name\":\"xPayrience Newsletter - xPayrience\",\"isPartOf\":{\"@id\":\"https:\/\/xpayrience.com\/#website\"},\"datePublished\":\"2023-05-24T12:32:26+00:00\",\"dateModified\":\"2026-02-10T18:10:09+00:00\",\"description\":\"Subscribe to the xPayrience newsletter for updates, tips and news on ticketing solutions, platform features and industry insights.\",\"breadcrumb\":{\"@id\":\"https:\/\/xpayrience.com\/en\/newsletter-signup-xpayrience\/#breadcrumb\"},\"inLanguage\":\"en-US\",\"potentialAction\":[{\"@type\":\"ReadAction\",\"target\":[\"https:\/\/xpayrience.com\/en\/newsletter-signup-xpayrience\/\"]}]},{\"@type\":\"BreadcrumbList\",\"@id\":\"https:\/\/xpayrience.com\/en\/newsletter-signup-xpayrience\/#breadcrumb\",\"itemListElement\":[{\"@type\":\"ListItem\",\"position\":1,\"name\":\"Accueil\",\"item\":\"https:\/\/xpayrience.com\/en\/\"},{\"@type\":\"ListItem\",\"position\":2,\"name\":\"xPayrience Newsletter\"}]},{\"@type\":\"WebSite\",\"@id\":\"https:\/\/xpayrience.com\/#website\",\"url\":\"https:\/\/xpayrience.com\/\",\"name\":\"xPayrience\",\"description\":\"L&#039;unique solution en ligne de vente et r\u00e9servation multi-attraits\",\"potentialAction\":[{\"@type\":\"SearchAction\",\"target\":{\"@type\":\"EntryPoint\",\"urlTemplate\":\"https:\/\/xpayrience.com\/?s={search_term_string}\"},\"query-input\":{\"@type\":\"PropertyValueSpecification\",\"valueRequired\":true,\"valueName\":\"search_term_string\"}}],\"inLanguage\":\"en-US\"}]}<\/script>\n<!-- \/ Yoast SEO plugin. -->","yoast_head_json":{"title":"xPayrience Newsletter - xPayrience","description":"Subscribe to the xPayrience newsletter for updates, tips and news on ticketing solutions, platform features and industry insights.","robots":{"index":"index","follow":"follow","max-snippet":"max-snippet:-1","max-image-preview":"max-image-preview:large","max-video-preview":"max-video-preview:-1"},"canonical":"https:\/\/xpayrience.com\/en\/newsletter-signup-xpayrience\/","og_locale":"en_US","og_type":"article","og_title":"xPayrience Newsletter - xPayrience","og_description":"Subscribe to the xPayrience newsletter for updates, tips and news on ticketing solutions, platform features and industry insights.","og_url":"https:\/\/xpayrience.com\/en\/newsletter-signup-xpayrience\/","og_site_name":"xPayrience","article_modified_time":"2026-02-10T18:10:09+00:00","og_image":[{"width":1200,"height":630,"url":"https:\/\/xpayrience.com\/wp-content\/uploads\/2024\/07\/facebook-xpayrience.png","type":"image\/png"}],"twitter_card":"summary_large_image","twitter_misc":{"Est. reading time":"1 minute"},"schema":{"@context":"https:\/\/schema.org","@graph":[{"@type":"WebPage","@id":"https:\/\/xpayrience.com\/en\/newsletter-signup-xpayrience\/","url":"https:\/\/xpayrience.com\/en\/newsletter-signup-xpayrience\/","name":"xPayrience Newsletter - xPayrience","isPartOf":{"@id":"https:\/\/xpayrience.com\/#website"},"datePublished":"2023-05-24T12:32:26+00:00","dateModified":"2026-02-10T18:10:09+00:00","description":"Subscribe to the xPayrience newsletter for updates, tips and news on ticketing solutions, platform features and industry insights.","breadcrumb":{"@id":"https:\/\/xpayrience.com\/en\/newsletter-signup-xpayrience\/#breadcrumb"},"inLanguage":"en-US","potentialAction":[{"@type":"ReadAction","target":["https:\/\/xpayrience.com\/en\/newsletter-signup-xpayrience\/"]}]},{"@type":"BreadcrumbList","@id":"https:\/\/xpayrience.com\/en\/newsletter-signup-xpayrience\/#breadcrumb","itemListElement":[{"@type":"ListItem","position":1,"name":"Accueil","item":"https:\/\/xpayrience.com\/en\/"},{"@type":"ListItem","position":2,"name":"xPayrience Newsletter"}]},{"@type":"WebSite","@id":"https:\/\/xpayrience.com\/#website","url":"https:\/\/xpayrience.com\/","name":"xPayrience","description":"L&#039;unique solution en ligne de vente et r\u00e9servation multi-attraits","potentialAction":[{"@type":"SearchAction","target":{"@type":"EntryPoint","urlTemplate":"https:\/\/xpayrience.com\/?s={search_term_string}"},"query-input":{"@type":"PropertyValueSpecification","valueRequired":true,"valueName":"search_term_string"}}],"inLanguage":"en-US"}]}},"_links":{"self":[{"href":"https:\/\/xpayrience.com\/en\/wp-json\/wp\/v2\/pages\/1383","targetHints":{"allow":["GET"]}}],"collection":[{"href":"https:\/\/xpayrience.com\/en\/wp-json\/wp\/v2\/pages"}],"about":[{"href":"https:\/\/xpayrience.com\/en\/wp-json\/wp\/v2\/types\/page"}],"author":[{"embeddable":true,"href":"https:\/\/xpayrience.com\/en\/wp-json\/wp\/v2\/users\/2"}],"replies":[{"embeddable":true,"href":"https:\/\/xpayrience.com\/en\/wp-json\/wp\/v2\/comments?post=1383"}],"version-history":[{"count":4,"href":"https:\/\/xpayrience.com\/en\/wp-json\/wp\/v2\/pages\/1383\/revisions"}],"predecessor-version":[{"id":1387,"href":"https:\/\/xpayrience.com\/en\/wp-json\/wp\/v2\/pages\/1383\/revisions\/1387"}],"wp:attachment":[{"href":"https:\/\/xpayrience.com\/en\/wp-json\/wp\/v2\/media?parent=1383"}],"curies":[{"name":"wp","href":"https:\/\/api.w.org\/{rel}","templated":true}]}}